{"id":163,"date":"2017-03-07T09:14:28","date_gmt":"2017-03-07T12:14:28","guid":{"rendered":"http:\/\/biandel.com\/arbius\/?page_id=4"},"modified":"2024-06-12T10:36:33","modified_gmt":"2024-06-12T13:36:33","slug":"home","status":"publish","type":"page","link":"https:\/\/estudioboc.com\/eboc\/","title":{"rendered":"Home"},"content":{"rendered":"[vc_row fullwidth=\u00bbtrue\u00bb attached=\u00bbtrue\u00bb][vc_column][mk_portfolio style=\u00bbgrid\u00bb hover_scenarios=\u00bbfadebox\u00bb grid_spacing=\u00bb0&#8243; image_size=\u00bbfull\u00bb permalink_icon_name=\u00bbmk-icon-chevron-up\u00bb zoom_icon=\u00bbfalse\u00bb count=\u00bb-1&#8243; sortable=\u00bbfalse\u00bb offset=\u00bb25&#8243; pagination=\u00bbfalse\u00bb][\/vc_column][\/vc_row][vc_row][vc_column][\/vc_column][\/vc_row]\n","protected":false},"excerpt":{"rendered":"<p>[vc_row fullwidth=\u00bbtrue\u00bb attached=\u00bbtrue\u00bb][vc_column][mk_portfolio style=\u00bbgrid\u00bb hover_scenarios=\u00bbfadebox\u00bb grid_spacing=\u00bb0&#8243; image_size=\u00bbfull\u00bb permalink_icon_name=\u00bbmk-icon-chevron-up\u00bb zoom_icon=\u00bbfalse\u00bb count=\u00bb-1&#8243; sortable=\u00bbfalse\u00bb offset=\u00bb25&#8243; pagination=\u00bbfalse\u00bb][\/vc_column][\/vc_row][vc_row][vc_column][\/vc_column][\/vc_row]<\/p>\n","protected":false},"author":3,"featured_media":0,"parent":0,"menu_order":0,"comment_status":"closed","ping_status":"closed","template":"","meta":{"blockswp_share_shareUrl":"","blockswp_share_shareTitle":"","blockswp_share_showCounts":false,"blockswp_share_showIcon":false,"blockswp_share_iconSize":0,"blockswp_share_showFacebook":false,"blockswp_share_showTwitter":false,"blockswp_share_showWhatsapp":false,"blockswp_share_showPinterest":false,"blockswp_share_showLinkedin":false,"blockswp_share_showReditt":false,"blockswp_share_showTumblr":false,"blockswp_share_showEmail":false,"_joinchat":[],"footnotes":""},"class_list":["post-163","page","type-page","status-publish","hentry"],"yoast_head":"<!-- This site is optimized with the Yoast SEO plugin v27.4 - https:\/\/yoast.com\/product\/yoast-seo-wordpress\/ -->\n<title>Estudio BOC - Dise\u00f1o Gr\u00e1fico - Ilustraci\u00f3n<\/title>\n<meta name=\"description\" content=\"Estudio creativo, dise\u00f1o gr\u00e1fico, Identidad de marca, Ilustrac\u00ed\u00f3n y artes visuales, con base en Rosario, Argentina.\" \/>\n<meta name=\"robots\" content=\"index, follow, max-snippet:-1, max-image-preview:large, max-video-preview:-1\" \/>\n<link rel=\"canonical\" href=\"https:\/\/estudioboc.com\/eboc\/\" \/>\n<meta property=\"og:locale\" content=\"es_ES\" \/>\n<meta property=\"og:type\" content=\"article\" \/>\n<meta property=\"og:title\" content=\"Estudio BOC - Dise\u00f1o Gr\u00e1fico - Ilustraci\u00f3n\" \/>\n<meta property=\"og:description\" content=\"Estudio creativo, dise\u00f1o gr\u00e1fico, Identidad de marca, Ilustrac\u00ed\u00f3n y artes visuales, con base en Rosario, Argentina.\" \/>\n<meta property=\"og:url\" content=\"https:\/\/estudioboc.com\/eboc\/\" \/>\n<meta property=\"og:site_name\" content=\"BOC\" \/>\n<meta property=\"article:modified_time\" content=\"2024-06-12T13:36:33+00:00\" \/>\n<meta name=\"twitter:card\" content=\"summary_large_image\" \/>\n<meta name=\"twitter:site\" content=\"@estudio_boc\" \/>\n<script type=\"application\/ld+json\" class=\"yoast-schema-graph\">{\"@context\":\"https:\\\/\\\/schema.org\",\"@graph\":[{\"@type\":\"WebPage\",\"@id\":\"https:\\\/\\\/estudioboc.com\\\/eboc\\\/\",\"url\":\"https:\\\/\\\/estudioboc.com\\\/eboc\\\/\",\"name\":\"Estudio BOC - Dise\u00f1o Gr\u00e1fico - Ilustraci\u00f3n\",\"isPartOf\":{\"@id\":\"https:\\\/\\\/estudioboc.com\\\/eboc\\\/#website\"},\"datePublished\":\"2017-03-07T12:14:28+00:00\",\"dateModified\":\"2024-06-12T13:36:33+00:00\",\"description\":\"Estudio creativo, dise\u00f1o gr\u00e1fico, Identidad de marca, Ilustrac\u00ed\u00f3n y artes visuales, con base en Rosario, Argentina.\",\"inLanguage\":\"es\",\"potentialAction\":[{\"@type\":\"ReadAction\",\"target\":[\"https:\\\/\\\/estudioboc.com\\\/eboc\\\/\"]}]},{\"@type\":\"WebSite\",\"@id\":\"https:\\\/\\\/estudioboc.com\\\/eboc\\\/#website\",\"url\":\"https:\\\/\\\/estudioboc.com\\\/eboc\\\/\",\"name\":\"BOC\",\"description\":\"estudio creativo\",\"publisher\":{\"@id\":\"https:\\\/\\\/estudioboc.com\\\/eboc\\\/#organization\"},\"potentialAction\":[{\"@type\":\"SearchAction\",\"target\":{\"@type\":\"EntryPoint\",\"urlTemplate\":\"https:\\\/\\\/estudioboc.com\\\/eboc\\\/?s={search_term_string}\"},\"query-input\":{\"@type\":\"PropertyValueSpecification\",\"valueRequired\":true,\"valueName\":\"search_term_string\"}}],\"inLanguage\":\"es\"},{\"@type\":\"Organization\",\"@id\":\"https:\\\/\\\/estudioboc.com\\\/eboc\\\/#organization\",\"name\":\"Estudio BOC\",\"url\":\"https:\\\/\\\/estudioboc.com\\\/eboc\\\/\",\"logo\":{\"@type\":\"ImageObject\",\"inLanguage\":\"es\",\"@id\":\"https:\\\/\\\/estudioboc.com\\\/eboc\\\/#\\\/schema\\\/logo\\\/image\\\/\",\"url\":\"https:\\\/\\\/estudioboc.com\\\/eboc\\\/wp-content\\\/uploads\\\/2018\\\/04\\\/favicon_2.png\",\"contentUrl\":\"https:\\\/\\\/estudioboc.com\\\/eboc\\\/wp-content\\\/uploads\\\/2018\\\/04\\\/favicon_2.png\",\"width\":434,\"height\":434,\"caption\":\"Estudio BOC\"},\"image\":{\"@id\":\"https:\\\/\\\/estudioboc.com\\\/eboc\\\/#\\\/schema\\\/logo\\\/image\\\/\"},\"sameAs\":[\"https:\\\/\\\/x.com\\\/estudio_boc\",\"https:\\\/\\\/www.instagram.com\\\/estudio_boc\\\/\",\"https:\\\/\\\/www.linkedin.com\\\/company\\\/estudioboc\"]}]}<\/script>\n<!-- \/ Yoast SEO plugin. -->","yoast_head_json":{"title":"Estudio BOC - Dise\u00f1o Gr\u00e1fico - Ilustraci\u00f3n","description":"Estudio creativo, dise\u00f1o gr\u00e1fico, Identidad de marca, Ilustrac\u00ed\u00f3n y artes visuales, con base en Rosario, Argentina.","robots":{"index":"index","follow":"follow","max-snippet":"max-snippet:-1","max-image-preview":"max-image-preview:large","max-video-preview":"max-video-preview:-1"},"canonical":"https:\/\/estudioboc.com\/eboc\/","og_locale":"es_ES","og_type":"article","og_title":"Estudio BOC - Dise\u00f1o Gr\u00e1fico - Ilustraci\u00f3n","og_description":"Estudio creativo, dise\u00f1o gr\u00e1fico, Identidad de marca, Ilustrac\u00ed\u00f3n y artes visuales, con base en Rosario, Argentina.","og_url":"https:\/\/estudioboc.com\/eboc\/","og_site_name":"BOC","article_modified_time":"2024-06-12T13:36:33+00:00","twitter_card":"summary_large_image","twitter_site":"@estudio_boc","schema":{"@context":"https:\/\/schema.org","@graph":[{"@type":"WebPage","@id":"https:\/\/estudioboc.com\/eboc\/","url":"https:\/\/estudioboc.com\/eboc\/","name":"Estudio BOC - Dise\u00f1o Gr\u00e1fico - Ilustraci\u00f3n","isPartOf":{"@id":"https:\/\/estudioboc.com\/eboc\/#website"},"datePublished":"2017-03-07T12:14:28+00:00","dateModified":"2024-06-12T13:36:33+00:00","description":"Estudio creativo, dise\u00f1o gr\u00e1fico, Identidad de marca, Ilustrac\u00ed\u00f3n y artes visuales, con base en Rosario, Argentina.","inLanguage":"es","potentialAction":[{"@type":"ReadAction","target":["https:\/\/estudioboc.com\/eboc\/"]}]},{"@type":"WebSite","@id":"https:\/\/estudioboc.com\/eboc\/#website","url":"https:\/\/estudioboc.com\/eboc\/","name":"BOC","description":"estudio creativo","publisher":{"@id":"https:\/\/estudioboc.com\/eboc\/#organization"},"potentialAction":[{"@type":"SearchAction","target":{"@type":"EntryPoint","urlTemplate":"https:\/\/estudioboc.com\/eboc\/?s={search_term_string}"},"query-input":{"@type":"PropertyValueSpecification","valueRequired":true,"valueName":"search_term_string"}}],"inLanguage":"es"},{"@type":"Organization","@id":"https:\/\/estudioboc.com\/eboc\/#organization","name":"Estudio BOC","url":"https:\/\/estudioboc.com\/eboc\/","logo":{"@type":"ImageObject","inLanguage":"es","@id":"https:\/\/estudioboc.com\/eboc\/#\/schema\/logo\/image\/","url":"https:\/\/estudioboc.com\/eboc\/wp-content\/uploads\/2018\/04\/favicon_2.png","contentUrl":"https:\/\/estudioboc.com\/eboc\/wp-content\/uploads\/2018\/04\/favicon_2.png","width":434,"height":434,"caption":"Estudio BOC"},"image":{"@id":"https:\/\/estudioboc.com\/eboc\/#\/schema\/logo\/image\/"},"sameAs":["https:\/\/x.com\/estudio_boc","https:\/\/www.instagram.com\/estudio_boc\/","https:\/\/www.linkedin.com\/company\/estudioboc"]}]}},"_links":{"self":[{"href":"https:\/\/estudioboc.com\/eboc\/wp-json\/wp\/v2\/pages\/163","targetHints":{"allow":["GET"]}}],"collection":[{"href":"https:\/\/estudioboc.com\/eboc\/wp-json\/wp\/v2\/pages"}],"about":[{"href":"https:\/\/estudioboc.com\/eboc\/wp-json\/wp\/v2\/types\/page"}],"author":[{"embeddable":true,"href":"https:\/\/estudioboc.com\/eboc\/wp-json\/wp\/v2\/users\/3"}],"replies":[{"embeddable":true,"href":"https:\/\/estudioboc.com\/eboc\/wp-json\/wp\/v2\/comments?post=163"}],"version-history":[{"count":28,"href":"https:\/\/estudioboc.com\/eboc\/wp-json\/wp\/v2\/pages\/163\/revisions"}],"predecessor-version":[{"id":1615,"href":"https:\/\/estudioboc.com\/eboc\/wp-json\/wp\/v2\/pages\/163\/revisions\/1615"}],"wp:attachment":[{"href":"https:\/\/estudioboc.com\/eboc\/wp-json\/wp\/v2\/media?parent=163"}],"curies":[{"name":"wp","href":"https:\/\/api.w.org\/{rel}","templated":true}]}}