{"id":432,"date":"2018-04-08T15:42:41","date_gmt":"2018-04-08T18:42:41","guid":{"rendered":"https:\/\/estudioboc.com\/eboc\/?page_id=432"},"modified":"2024-06-28T11:40:09","modified_gmt":"2024-06-28T14:40:09","slug":"estudio","status":"publish","type":"page","link":"https:\/\/estudioboc.com\/eboc\/estudio\/","title":{"rendered":"estudio"},"content":{"rendered":"[vc_row fullwidth=\u00bbtrue\u00bb css=\u00bb.vc_custom_1540568394154{background-color: #f4f4f4 !important;}\u00bb][vc_column][mk_image src=\u00bbhttps:\/\/estudioboc.com\/eboc\/wp-content\/uploads\/2018\/10\/cabecera-boc_web-1.jpg\u00bb image_size=\u00bbfull\u00bb margin_bottom=\u00bb0&#8243;][\/vc_column][\/vc_row][vc_row fullwidth=\u00bbtrue\u00bb fullwidth_content=\u00bbfalse\u00bb css=\u00bb.vc_custom_1540504675600{background-color: #f4f4f4 !important;}\u00bb][vc_column][mk_padding_divider size=\u00bb75&#8243;][vc_column_text align=\u00bbcenter\u00bb margin_bottom=\u00bb12&#8243; css=\u00bb.vc_custom_1523228443522{margin-bottom: 10px !important;}\u00bb]\n<p style=\"text-align: left;\">BOC es un estudio creativo y multidisciplinar, proveniente de las ramas del dise\u00f1o gr\u00e1fico y de las artes visuales, con base en Rosario, Argentina.<\/p>\n<div id=\"module-1280\" class=\"module text custom-wrap text-module\" data-size=\"2-2\" data-verticalalign=\"middle\" data-customtransform=\"left\" data-color=\"#000000\" data-bgimage=\"https:\/\/estudioboc.com\/eboc2\/wp-content\/uploads\/2016\/05\/960x960_est_6-960x960.jpg\" data-bgcolor=\"#fafafa\">\n<div class=\"copy\">\n<div>\n<div>\n<p style=\"text-align: left;\">Desde 2010 y con una larga y amplia trayectoria profesional en otros espacios, ideamos y desarrollamos proyectos creativos. Creemos en el dise\u00f1o como una forma universal de comunicaci\u00f3n. Ofrecemos soluciones creativas en funci\u00f3n de las necesidades de cada cliente. De manera tal, consideramos a los mismos como colaboradores para construir estrategias y alcanzar nuevos objetivos.<\/p>\n<\/div>\n<\/div>\n<\/div>\n<\/div>\n[\/vc_column_text][\/vc_column][\/vc_row][vc_row fullwidth=\u00bbtrue\u00bb fullwidth_content=\u00bbfalse\u00bb css=\u00bb.vc_custom_1540504716734{background-color: #f4f4f4 !important;}\u00bb][vc_column width=\u00bb1\/6&#8243;][\/vc_column][vc_column width=\u00bb2\/6&#8243;][vc_column_text align=\u00bbcenter\u00bb margin_bottom=\u00bb12&#8243; css=\u00bb.vc_custom_1719585401946{margin-bottom: 10px !important;}\u00bb]\n<div id=\"module-1280\" class=\"module text custom-wrap text-module\" data-size=\"2-2\" data-verticalalign=\"middle\" data-customtransform=\"left\" data-color=\"#000000\" data-bgimage=\"https:\/\/estudioboc.com\/eboc2\/wp-content\/uploads\/2016\/05\/960x960_est_6-960x960.jpg\" data-bgcolor=\"#fafafa\">\n<div class=\"copy\">\n<div>\n<div>\n<p style=\"text-align: left;\">Nuestros principales servicios incluyen:<br \/>\n\u2022 Direcci\u00f3n de arte<br \/>\n\u2022 Branding<br \/>\n\u2022 Dise\u00f1o estrat\u00e9gico<br \/>\n\u2022 Dise\u00f1o editorial<br \/>\n\u2022 Desarrollo conceptual<br \/>\n\u2022 Comunicaci\u00f3n<br \/>\n\u2022 Se\u00f1al\u00e9tica y sistemas de iconos<\/p>\n<\/div>\n<\/div>\n<\/div>\n<\/div>\n[\/vc_column_text][\/vc_column][vc_column width=\u00bb2\/6&#8243;][vc_column_text align=\u00bbcenter\u00bb margin_bottom=\u00bb12&#8243; css=\u00bb.vc_custom_1540505065862{margin-bottom: 10px !important;}\u00bb]\n<p style=\"text-align: left;\">\u2022 Packaging y etiquetas<br \/>\n\u2022 Dise\u00f1o y desarrollo web \/ redes<br \/>\n\u2022 Dise\u00f1o textil: patterns y print<br \/>\n\u2022 Ilustraci\u00f3n<br \/>\n\u2022 Tipograf\u00edas<br \/>\n\u2022 Murales<br \/>\n\u2022 Instalaciones<br \/>\n\u2022 Exposiciones<\/p>\n[\/vc_column_text][\/vc_column][vc_column width=\u00bb1\/6&#8243;][\/vc_column][\/vc_row][vc_row fullwidth=\u00bbtrue\u00bb fullwidth_content=\u00bbfalse\u00bb css=\u00bb.vc_custom_1540504730058{background-color: #f4f4f4 !important;}\u00bb][vc_column][mk_padding_divider size=\u00bb65&#8243;][\/vc_column][\/vc_row][vc_row fullwidth=\u00bbtrue\u00bb attached=\u00bbtrue\u00bb][vc_column width=\u00bb1\/3&#8243;][mk_image src=\u00bbhttps:\/\/estudioboc.com\/eboc\/wp-content\/uploads\/2018\/04\/960x960_est8.jpg\u00bb image_size=\u00bbfull\u00bb margin_bottom=\u00bb0&#8243;][\/vc_column][vc_column width=\u00bb1\/3&#8243;][mk_image src=\u00bbhttps:\/\/estudioboc.com\/eboc\/wp-content\/uploads\/2024\/06\/boc.jpg\u00bb image_size=\u00bbfull\u00bb align=\u00bbcenter\u00bb margin_bottom=\u00bb0&#8243;][\/vc_column][vc_column width=\u00bb1\/3&#8243;][mk_image src=\u00bbhttps:\/\/estudioboc.com\/eboc\/wp-content\/uploads\/2018\/04\/960x960_est_1-960&#215;960.jpg\u00bb image_size=\u00bbfull\u00bb margin_bottom=\u00bb0&#8243;][\/vc_column][\/vc_row][mk_page_section bg_color=\u00bb#f4f4f4&#8243; bg_stretch=\u00bbtrue\u00bb padding_top=\u00bb60&#8243; sidebar=\u00bbsidebar-1&#8243;][vc_column][mk_fancy_title color=\u00bb#3b3b3b\u00bb size=\u00bb21&#8243; txt_transform=\u00bbnone\u00bb margin_top=\u00bb20&#8243; margin_bottom=\u00bb40&#8243; font_family=\u00bbnone\u00bb align=\u00bbcenter\u00bb]Contacta con nosotros para hablar sobre tu proyecto[\/mk_fancy_title][mk_button dimension=\u00bboutline\u00bb size=\u00bbmedium\u00bb url=\u00bbhttps:\/\/estudioboc.com\/eboc\/contacto\u00bb align=\u00bbcenter\u00bb margin_bottom=\u00bb24&#8243; outline_skin=\u00bbcustom\u00bb]Hola[\/mk_button][mk_padding_divider size=\u00bb55&#8243;][\/vc_column][\/mk_page_section]\n","protected":false},"excerpt":{"rendered":"<p>[vc_row fullwidth=\u00bbtrue\u00bb css=\u00bb.vc_custom_1540568394154{background-color: #f4f4f4 !important;}\u00bb][vc_column][mk_image src=\u00bbhttps:\/\/estudioboc.com\/eboc\/wp-content\/uploads\/2018\/10\/cabecera-boc_web-1.jpg\u00bb image_size=\u00bbfull\u00bb margin_bottom=\u00bb0&#8243;][\/vc_column][\/vc_row][vc_row fullwidth=\u00bbtrue\u00bb fullwidth_content=\u00bbfalse\u00bb css=\u00bb.vc_custom_1540504675600{background-color: #f4f4f4 !important;}\u00bb][vc_column][mk_padding_divider size=\u00bb75&#8243;][vc_column_text align=\u00bbcenter\u00bb margin_bottom=\u00bb12&#8243; css=\u00bb.vc_custom_1523228443522{margin-bottom: 10px !important;}\u00bb] BOC es un estudio creativo y multidisciplinar, proveniente de las ramas del dise\u00f1o gr\u00e1fico y de las artes visuales, con base en Rosario, Argentina. Desde 2010 y con una larga y amplia trayectoria profesional en otros [&hellip;]<\/p>\n","protected":false},"author":2,"featured_media":0,"parent":0,"menu_order":0,"comment_status":"closed","ping_status":"closed","template":"","meta":{"blockswp_share_shareUrl":"","blockswp_share_shareTitle":"","blockswp_share_showCounts":false,"blockswp_share_showIcon":false,"blockswp_share_iconSize":0,"blockswp_share_showFacebook":false,"blockswp_share_showTwitter":false,"blockswp_share_showWhatsapp":false,"blockswp_share_showPinterest":false,"blockswp_share_showLinkedin":false,"blockswp_share_showReditt":false,"blockswp_share_showTumblr":false,"blockswp_share_showEmail":false,"_joinchat":[],"footnotes":""},"class_list":["post-432","page","type-page","status-publish","hentry"],"yoast_head":"<!-- This site is optimized with the Yoast SEO plugin v27.4 - https:\/\/yoast.com\/product\/yoast-seo-wordpress\/ -->\n<title>BOC estudio creativo \/ dise\u00f1o gr\u00e1fico, ilustraci\u00f3n, arte<\/title>\n<meta name=\"description\" content=\"BOC es un estudio creativo y multidisciplinar, proveniente de las ramas del dise\u00f1o gr\u00e1fico y de las artes visuales, con base en Rosario, Argentina.\" \/>\n<meta name=\"robots\" content=\"index, follow, max-snippet:-1, max-image-preview:large, max-video-preview:-1\" \/>\n<link rel=\"canonical\" href=\"https:\/\/estudioboc.com\/eboc\/estudio\/\" \/>\n<meta property=\"og:locale\" content=\"es_ES\" \/>\n<meta property=\"og:type\" content=\"article\" \/>\n<meta property=\"og:title\" content=\"BOC estudio creativo \/ dise\u00f1o gr\u00e1fico, ilustraci\u00f3n, arte\" \/>\n<meta property=\"og:description\" content=\"BOC es un estudio creativo y multidisciplinar, proveniente de las ramas del dise\u00f1o gr\u00e1fico y de las artes visuales, con base en Rosario, Argentina.\" \/>\n<meta property=\"og:url\" content=\"https:\/\/estudioboc.com\/eboc\/estudio\/\" \/>\n<meta property=\"og:site_name\" content=\"BOC\" \/>\n<meta property=\"article:modified_time\" content=\"2024-06-28T14:40:09+00:00\" \/>\n<meta property=\"og:image\" content=\"https:\/\/estudioboc.com\/eboc\/wp-content\/uploads\/2018\/04\/favicon_2chico.png\" \/>\n\t<meta property=\"og:image:width\" content=\"120\" \/>\n\t<meta property=\"og:image:height\" content=\"120\" \/>\n\t<meta property=\"og:image:type\" content=\"image\/png\" \/>\n<meta name=\"twitter:card\" content=\"summary_large_image\" \/>\n<meta name=\"twitter:site\" content=\"@estudio_boc\" \/>\n<meta name=\"twitter:label1\" content=\"Tiempo de lectura\" \/>\n\t<meta name=\"twitter:data1\" content=\"2 minutos\" \/>\n<script type=\"application\/ld+json\" class=\"yoast-schema-graph\">{\"@context\":\"https:\\\/\\\/schema.org\",\"@graph\":[{\"@type\":\"WebPage\",\"@id\":\"https:\\\/\\\/estudioboc.com\\\/eboc\\\/estudio\\\/\",\"url\":\"https:\\\/\\\/estudioboc.com\\\/eboc\\\/estudio\\\/\",\"name\":\"BOC estudio creativo \\\/ dise\u00f1o gr\u00e1fico, ilustraci\u00f3n, arte\",\"isPartOf\":{\"@id\":\"https:\\\/\\\/estudioboc.com\\\/eboc\\\/#website\"},\"datePublished\":\"2018-04-08T18:42:41+00:00\",\"dateModified\":\"2024-06-28T14:40:09+00:00\",\"description\":\"BOC es un estudio creativo y multidisciplinar, proveniente de las ramas del dise\u00f1o gr\u00e1fico y de las artes visuales, con base en Rosario, Argentina.\",\"inLanguage\":\"es\",\"potentialAction\":[{\"@type\":\"ReadAction\",\"target\":[\"https:\\\/\\\/estudioboc.com\\\/eboc\\\/estudio\\\/\"]}]},{\"@type\":\"WebSite\",\"@id\":\"https:\\\/\\\/estudioboc.com\\\/eboc\\\/#website\",\"url\":\"https:\\\/\\\/estudioboc.com\\\/eboc\\\/\",\"name\":\"BOC\",\"description\":\"estudio creativo\",\"publisher\":{\"@id\":\"https:\\\/\\\/estudioboc.com\\\/eboc\\\/#organization\"},\"potentialAction\":[{\"@type\":\"SearchAction\",\"target\":{\"@type\":\"EntryPoint\",\"urlTemplate\":\"https:\\\/\\\/estudioboc.com\\\/eboc\\\/?s={search_term_string}\"},\"query-input\":{\"@type\":\"PropertyValueSpecification\",\"valueRequired\":true,\"valueName\":\"search_term_string\"}}],\"inLanguage\":\"es\"},{\"@type\":\"Organization\",\"@id\":\"https:\\\/\\\/estudioboc.com\\\/eboc\\\/#organization\",\"name\":\"Estudio BOC\",\"url\":\"https:\\\/\\\/estudioboc.com\\\/eboc\\\/\",\"logo\":{\"@type\":\"ImageObject\",\"inLanguage\":\"es\",\"@id\":\"https:\\\/\\\/estudioboc.com\\\/eboc\\\/#\\\/schema\\\/logo\\\/image\\\/\",\"url\":\"https:\\\/\\\/estudioboc.com\\\/eboc\\\/wp-content\\\/uploads\\\/2018\\\/04\\\/favicon_2.png\",\"contentUrl\":\"https:\\\/\\\/estudioboc.com\\\/eboc\\\/wp-content\\\/uploads\\\/2018\\\/04\\\/favicon_2.png\",\"width\":434,\"height\":434,\"caption\":\"Estudio BOC\"},\"image\":{\"@id\":\"https:\\\/\\\/estudioboc.com\\\/eboc\\\/#\\\/schema\\\/logo\\\/image\\\/\"},\"sameAs\":[\"https:\\\/\\\/x.com\\\/estudio_boc\",\"https:\\\/\\\/www.instagram.com\\\/estudio_boc\\\/\",\"https:\\\/\\\/www.linkedin.com\\\/company\\\/estudioboc\"]}]}<\/script>\n<!-- \/ Yoast SEO plugin. -->","yoast_head_json":{"title":"BOC estudio creativo \/ dise\u00f1o gr\u00e1fico, ilustraci\u00f3n, arte","description":"BOC es un estudio creativo y multidisciplinar, proveniente de las ramas del dise\u00f1o gr\u00e1fico y de las artes visuales, con base en Rosario, Argentina.","robots":{"index":"index","follow":"follow","max-snippet":"max-snippet:-1","max-image-preview":"max-image-preview:large","max-video-preview":"max-video-preview:-1"},"canonical":"https:\/\/estudioboc.com\/eboc\/estudio\/","og_locale":"es_ES","og_type":"article","og_title":"BOC estudio creativo \/ dise\u00f1o gr\u00e1fico, ilustraci\u00f3n, arte","og_description":"BOC es un estudio creativo y multidisciplinar, proveniente de las ramas del dise\u00f1o gr\u00e1fico y de las artes visuales, con base en Rosario, Argentina.","og_url":"https:\/\/estudioboc.com\/eboc\/estudio\/","og_site_name":"BOC","article_modified_time":"2024-06-28T14:40:09+00:00","og_image":[{"width":120,"height":120,"url":"https:\/\/estudioboc.com\/eboc\/wp-content\/uploads\/2018\/04\/favicon_2chico.png","type":"image\/png"}],"twitter_card":"summary_large_image","twitter_site":"@estudio_boc","twitter_misc":{"Tiempo de lectura":"2 minutos"},"schema":{"@context":"https:\/\/schema.org","@graph":[{"@type":"WebPage","@id":"https:\/\/estudioboc.com\/eboc\/estudio\/","url":"https:\/\/estudioboc.com\/eboc\/estudio\/","name":"BOC estudio creativo \/ dise\u00f1o gr\u00e1fico, ilustraci\u00f3n, arte","isPartOf":{"@id":"https:\/\/estudioboc.com\/eboc\/#website"},"datePublished":"2018-04-08T18:42:41+00:00","dateModified":"2024-06-28T14:40:09+00:00","description":"BOC es un estudio creativo y multidisciplinar, proveniente de las ramas del dise\u00f1o gr\u00e1fico y de las artes visuales, con base en Rosario, Argentina.","inLanguage":"es","potentialAction":[{"@type":"ReadAction","target":["https:\/\/estudioboc.com\/eboc\/estudio\/"]}]},{"@type":"WebSite","@id":"https:\/\/estudioboc.com\/eboc\/#website","url":"https:\/\/estudioboc.com\/eboc\/","name":"BOC","description":"estudio creativo","publisher":{"@id":"https:\/\/estudioboc.com\/eboc\/#organization"},"potentialAction":[{"@type":"SearchAction","target":{"@type":"EntryPoint","urlTemplate":"https:\/\/estudioboc.com\/eboc\/?s={search_term_string}"},"query-input":{"@type":"PropertyValueSpecification","valueRequired":true,"valueName":"search_term_string"}}],"inLanguage":"es"},{"@type":"Organization","@id":"https:\/\/estudioboc.com\/eboc\/#organization","name":"Estudio BOC","url":"https:\/\/estudioboc.com\/eboc\/","logo":{"@type":"ImageObject","inLanguage":"es","@id":"https:\/\/estudioboc.com\/eboc\/#\/schema\/logo\/image\/","url":"https:\/\/estudioboc.com\/eboc\/wp-content\/uploads\/2018\/04\/favicon_2.png","contentUrl":"https:\/\/estudioboc.com\/eboc\/wp-content\/uploads\/2018\/04\/favicon_2.png","width":434,"height":434,"caption":"Estudio BOC"},"image":{"@id":"https:\/\/estudioboc.com\/eboc\/#\/schema\/logo\/image\/"},"sameAs":["https:\/\/x.com\/estudio_boc","https:\/\/www.instagram.com\/estudio_boc\/","https:\/\/www.linkedin.com\/company\/estudioboc"]}]}},"_links":{"self":[{"href":"https:\/\/estudioboc.com\/eboc\/wp-json\/wp\/v2\/pages\/432","targetHints":{"allow":["GET"]}}],"collection":[{"href":"https:\/\/estudioboc.com\/eboc\/wp-json\/wp\/v2\/pages"}],"about":[{"href":"https:\/\/estudioboc.com\/eboc\/wp-json\/wp\/v2\/types\/page"}],"author":[{"embeddable":true,"href":"https:\/\/estudioboc.com\/eboc\/wp-json\/wp\/v2\/users\/2"}],"replies":[{"embeddable":true,"href":"https:\/\/estudioboc.com\/eboc\/wp-json\/wp\/v2\/comments?post=432"}],"version-history":[{"count":18,"href":"https:\/\/estudioboc.com\/eboc\/wp-json\/wp\/v2\/pages\/432\/revisions"}],"predecessor-version":[{"id":1727,"href":"https:\/\/estudioboc.com\/eboc\/wp-json\/wp\/v2\/pages\/432\/revisions\/1727"}],"wp:attachment":[{"href":"https:\/\/estudioboc.com\/eboc\/wp-json\/wp\/v2\/media?parent=432"}],"curies":[{"name":"wp","href":"https:\/\/api.w.org\/{rel}","templated":true}]}}