{"id":522,"date":"2018-04-12T16:56:49","date_gmt":"2018-04-12T19:56:49","guid":{"rendered":"https:\/\/estudioboc.com\/eboc\/?page_id=522"},"modified":"2024-06-28T11:32:51","modified_gmt":"2024-06-28T14:32:51","slug":"contacto","status":"publish","type":"page","link":"https:\/\/estudioboc.com\/eboc\/contacto\/","title":{"rendered":"Contacto"},"content":{"rendered":"[vc_row fullwidth=\u00bbtrue\u00bb attached=\u00bbtrue\u00bb][vc_column width=\u00bb1\/3&#8243;][mk_image src=\u00bbhttps:\/\/estudioboc.com\/eboc\/wp-content\/uploads\/2018\/04\/960x960_est_2-960&#215;960.jpg\u00bb image_size=\u00bbfull\u00bb margin_bottom=\u00bb0&#8243;][\/vc_column][vc_column width=\u00bb1\/3&#8243;][mk_image src=\u00bbhttps:\/\/estudioboc.com\/eboc\/wp-content\/uploads\/2018\/04\/960x960_est_4-960&#215;960.jpg\u00bb image_size=\u00bbfull\u00bb align=\u00bbright\u00bb margin_bottom=\u00bb0&#8243;][\/vc_column][vc_column width=\u00bb1\/3&#8243;][mk_image src=\u00bbhttps:\/\/estudioboc.com\/eboc\/wp-content\/uploads\/2018\/04\/960x960_est_3-960&#215;960.jpg\u00bb image_size=\u00bbfull\u00bb align=\u00bbright\u00bb margin_bottom=\u00bb0&#8243;][\/vc_column][\/vc_row][vc_row fullwidth=\u00bbtrue\u00bb fullwidth_content=\u00bbfalse\u00bb css=\u00bb.vc_custom_1540505195469{background-color: #f4f4f4 !important;}\u00bb][vc_column][mk_padding_divider size=\u00bb65&#8243;][vc_column_text align=\u00bbcenter\u00bb margin_bottom=\u00bb12&#8243; css=\u00bb.vc_custom_1593623195924{margin-bottom: 10px !important;}\u00bb]\n<h2 style=\"text-align: center;\">BOC estudio creativo<strong><br \/>\n<\/strong><\/h2>\n<hr \/>\n<p style=\"text-align: center;\">Dorrego 737 &#8211; 02-16 | Rosario | Argentina<br \/>\n<a href=\"mailto:boc.estudio@gmail.com\" target=\"_blank\" rel=\"noopener\">boc.estudio@gmail.com<\/a> | Skype: estudioboc.com<\/p>\n<hr \/>\n[\/vc_column_text][mk_social_networks size=\u00bbmedium\u00bb style=\u00bbsimple\u00bb margin=\u00bb15&#8243; icon_color=\u00bb#686868&#8243; icon_hover_color=\u00bb#476aaa\u00bb align=\u00bbcenter\u00bb facebook=\u00bbhttps:\/\/www.facebook.com\/BOCdesign\/\u00bb twitter=\u00bbhttps:\/\/twitter.com\/estudio_boc\/\u00bb instagram=\u00bbhttps:\/\/www.instagram.com\/estudio_boc\/\u00bb linkedin=\u00bbhttps:\/\/www.linkedin.com\/company\/estudioboc\u00bb][mk_padding_divider][\/vc_column][\/vc_row][mk_page_section bg_color=\u00bb#d6d6d6&#8243; bg_stretch=\u00bbtrue\u00bb sidebar=\u00bbsidebar-1&#8243;][vc_column width=\u00bb1\/6&#8243;][\/vc_column][vc_column width=\u00bb2\/3&#8243;][mk_fancy_title color=\u00bb#3b3b3b\u00bb size=\u00bb21&#8243; txt_transform=\u00bbnone\u00bb margin_top=\u00bb45&#8243; margin_bottom=\u00bb27&#8243; font_family=\u00bbnone\u00bb]Si quer\u00e9s hacernos alguna consulta o pedirnos asesoramiento pod\u00e9s contactornos ac\u00e1:[\/mk_fancy_title]\n<div class=\"wpcf7 no-js\" id=\"wpcf7-f528-o1\" lang=\"es-ES\" dir=\"ltr\" data-wpcf7-id=\"528\">\n<div class=\"screen-reader-response\"><p role=\"status\" aria-live=\"polite\" aria-atomic=\"true\"><\/p> <ul><\/ul><\/div>\n<form action=\"\/eboc\/wp-json\/wp\/v2\/pages\/522#wpcf7-f528-o1\" method=\"post\" class=\"wpcf7-form init\" aria-label=\"Formulario de contacto\" novalidate=\"novalidate\" data-status=\"init\">\n<fieldset class=\"hidden-fields-container\"><input type=\"hidden\" name=\"_wpcf7\" value=\"528\" \/><input type=\"hidden\" name=\"_wpcf7_version\" value=\"6.1.5\" \/><input type=\"hidden\" name=\"_wpcf7_locale\" value=\"es_ES\" \/><input type=\"hidden\" name=\"_wpcf7_unit_tag\" value=\"wpcf7-f528-o1\" \/><input type=\"hidden\" name=\"_wpcf7_container_post\" value=\"0\" \/><input type=\"hidden\" name=\"_wpcf7_posted_data_hash\" value=\"\" \/>\n<\/fieldset>\n<p><label> Nombre (obligatorio)<br \/>\n<span class=\"wpcf7-form-control-wrap\" data-name=\"your-name\"><input size=\"40\" maxlength=\"400\" class=\"wpcf7-form-control wpcf7-text wpcf7-validates-as-required\" aria-required=\"true\" aria-invalid=\"false\" value=\"\" type=\"text\" name=\"your-name\" \/><\/span> <\/label>\n<\/p>\n<p><label> Correo electr\u00f3nico (obligatorio)<br \/>\n<span class=\"wpcf7-form-control-wrap\" data-name=\"your-email\"><input size=\"40\" maxlength=\"400\" class=\"wpcf7-form-control wpcf7-email wpcf7-validates-as-required wpcf7-text wpcf7-validates-as-email\" aria-required=\"true\" aria-invalid=\"false\" value=\"\" type=\"email\" name=\"your-email\" \/><\/span> <\/label>\n<\/p>\n<p><label> Telefono<br \/>\n<span class=\"wpcf7-form-control-wrap\" data-name=\"tel-488\"><input size=\"40\" maxlength=\"400\" class=\"wpcf7-form-control wpcf7-tel wpcf7-text wpcf7-validates-as-tel\" aria-invalid=\"false\" value=\"\" type=\"tel\" name=\"tel-488\" \/><\/span> <\/label>\n<\/p>\n<p><label> Asunto<br \/>\n<span class=\"wpcf7-form-control-wrap\" data-name=\"your-subject\"><input size=\"40\" maxlength=\"400\" class=\"wpcf7-form-control wpcf7-text\" aria-invalid=\"false\" value=\"\" type=\"text\" name=\"your-subject\" \/><\/span> <\/label>\n<\/p>\n<p><label> Mensaje<br \/>\n<span class=\"wpcf7-form-control-wrap\" data-name=\"your-message\"><textarea cols=\"40\" rows=\"10\" maxlength=\"2000\" class=\"wpcf7-form-control wpcf7-textarea\" aria-invalid=\"false\" name=\"your-message\"><\/textarea><\/span> <\/label>\n<\/p>\n<p>captcha* (requerido)<br \/>\n<input type=\"hidden\" name=\"_wpcf7_captcha_challenge_captcha-263\" value=\"107946714\" \/><img loading=\"lazy\" decoding=\"async\" class=\"wpcf7-form-control wpcf7-captchac wpcf7-captcha-captcha-263\" width=\"72\" height=\"24\" alt=\"captcha\" src=\"https:\/\/estudioboc.com\/eboc\/wp-content\/uploads\/wpcf7_captcha\/107946714.png\" \/><br \/>\n<span class=\"wpcf7-form-control-wrap\" data-name=\"captcha-263\"><input size=\"40\" class=\"wpcf7-form-control wpcf7-captchar\" autocomplete=\"off\" aria-invalid=\"false\" value=\"\" type=\"text\" name=\"captcha-263\" \/><\/span>\n<\/p>\n<p><input class=\"wpcf7-form-control wpcf7-submit has-spinner\" type=\"submit\" value=\"Enviar\" \/>\n<\/p><div class=\"wpcf7-response-output\" aria-hidden=\"true\"><\/div>\n<\/form>\n<\/div>\n[vc_empty_space][\/vc_column][vc_column width=\u00bb1\/6&#8243;][\/vc_column][\/mk_page_section][vc_row fullwidth=\u00bbtrue\u00bb][vc_column][vc_gmaps link=\u00bb#E-8_JTNDaWZyYW1lJTIwc3JjJTNEJTIyaHR0cHMlM0ElMkYlMkZ3d3cuZ29vZ2xlLmNvbSUyRm1hcHMlMkZlbWJlZCUzRnBiJTNEJTIxMW0xOCUyMTFtMTIlMjExbTMlMjExZDMzNDcuOTgzNjE1NjI0NDU2JTIxMmQtNjAuNjQ4NjY1Njg0ODEzNTYlMjEzZC0zMi45NTE0NDE5ODA5MTk2JTIxMm0zJTIxMWYwJTIxMmYwJTIxM2YwJTIxM20yJTIxMWkxMDI0JTIxMmk3NjglMjE0ZjEzLjElMjEzbTMlMjExbTIlMjExczB4MCUyNTNBMHgzZWIzNmQxNjZmZGZhNzE3JTIxMnNCT0MlMkJlc3R1ZGlvJTJCY3JlYXRpdm8lMjE1ZTAlMjEzbTIlMjExc2VzJTIxMnNhciUyMTR2MTU1MDYwNDY0Mzg1OCUyMiUyMHdpZHRoJTNEJTIyNjAwJTIyJTIwaGVpZ2h0JTNEJTIyNDUwJTIyJTIwZnJhbWVib3JkZXIlM0QlMjIwJTIyJTIwc3R5bGUlM0QlMjJib3JkZXIlM0EwJTIyJTIwYWxsb3dmdWxsc2NyZWVuJTNFJTNDJTJGaWZyYW1lJTNF\u00bb][\/vc_column][\/vc_row]\n","protected":false},"excerpt":{"rendered":"<p>[vc_row fullwidth=\u00bbtrue\u00bb attached=\u00bbtrue\u00bb][vc_column width=\u00bb1\/3&#8243;][mk_image src=\u00bbhttps:\/\/estudioboc.com\/eboc\/wp-content\/uploads\/2018\/04\/960x960_est_2-960&#215;960.jpg\u00bb image_size=\u00bbfull\u00bb margin_bottom=\u00bb0&#8243;][\/vc_column][vc_column width=\u00bb1\/3&#8243;][mk_image src=\u00bbhttps:\/\/estudioboc.com\/eboc\/wp-content\/uploads\/2018\/04\/960x960_est_4-960&#215;960.jpg\u00bb image_size=\u00bbfull\u00bb align=\u00bbright\u00bb margin_bottom=\u00bb0&#8243;][\/vc_column][vc_column width=\u00bb1\/3&#8243;][mk_image src=\u00bbhttps:\/\/estudioboc.com\/eboc\/wp-content\/uploads\/2018\/04\/960x960_est_3-960&#215;960.jpg\u00bb image_size=\u00bbfull\u00bb align=\u00bbright\u00bb margin_bottom=\u00bb0&#8243;][\/vc_column][\/vc_row][vc_row fullwidth=\u00bbtrue\u00bb fullwidth_content=\u00bbfalse\u00bb css=\u00bb.vc_custom_1540505195469{background-color: #f4f4f4 !important;}\u00bb][vc_column][mk_padding_divider size=\u00bb65&#8243;][vc_column_text align=\u00bbcenter\u00bb margin_bottom=\u00bb12&#8243; css=\u00bb.vc_custom_1593623195924{margin-bottom: 10px !important;}\u00bb] BOC estudio creativo Dorrego 737 &#8211; 02-16 | Rosario | Argentina boc.estudio@gmail.com | Skype: estudioboc.com [\/vc_column_text][mk_social_networks size=\u00bbmedium\u00bb style=\u00bbsimple\u00bb margin=\u00bb15&#8243; icon_color=\u00bb#686868&#8243; icon_hover_color=\u00bb#476aaa\u00bb align=\u00bbcenter\u00bb facebook=\u00bbhttps:\/\/www.facebook.com\/BOCdesign\/\u00bb twitter=\u00bbhttps:\/\/twitter.com\/estudio_boc\/\u00bb instagram=\u00bbhttps:\/\/www.instagram.com\/estudio_boc\/\u00bb linkedin=\u00bbhttps:\/\/www.linkedin.com\/company\/estudioboc\u00bb][mk_padding_divider][\/vc_column][\/vc_row][mk_page_section bg_color=\u00bb#d6d6d6&#8243; [&hellip;]<\/p>\n","protected":false},"author":2,"featured_media":0,"parent":0,"menu_order":0,"comment_status":"closed","ping_status":"closed","template":"","meta":{"blockswp_share_shareUrl":"","blockswp_share_shareTitle":"","blockswp_share_showCounts":false,"blockswp_share_showIcon":false,"blockswp_share_iconSize":0,"blockswp_share_showFacebook":false,"blockswp_share_showTwitter":false,"blockswp_share_showWhatsapp":false,"blockswp_share_showPinterest":false,"blockswp_share_showLinkedin":false,"blockswp_share_showReditt":false,"blockswp_share_showTumblr":false,"blockswp_share_showEmail":false,"_joinchat":[],"footnotes":""},"class_list":["post-522","page","type-page","status-publish","hentry"],"yoast_head":"<!-- This site is optimized with the Yoast SEO plugin v27.4 - https:\/\/yoast.com\/product\/yoast-seo-wordpress\/ -->\n<title>BOC estudio creativo \/ dise\u00f1o gr\u00e1fico e ilustraci\u00f3n -<\/title>\n<meta name=\"description\" content=\"Si quer\u00e9s hacernos alguna consulta o pedirnos asesoramiento pod\u00e9s contactornos en 3 de febrero 1594 PA | Rosario | Argentina\" \/>\n<meta name=\"robots\" content=\"index, follow, max-snippet:-1, max-image-preview:large, max-video-preview:-1\" \/>\n<link rel=\"canonical\" href=\"https:\/\/estudioboc.com\/eboc\/contacto\/\" \/>\n<meta property=\"og:locale\" content=\"es_ES\" \/>\n<meta property=\"og:type\" content=\"article\" \/>\n<meta property=\"og:title\" content=\"BOC estudio creativo \/ dise\u00f1o gr\u00e1fico e ilustraci\u00f3n -\" \/>\n<meta property=\"og:description\" content=\"Si quer\u00e9s hacernos alguna consulta o pedirnos asesoramiento pod\u00e9s contactornos en 3 de febrero 1594 PA | Rosario | Argentina\" \/>\n<meta property=\"og:url\" content=\"https:\/\/estudioboc.com\/eboc\/contacto\/\" \/>\n<meta property=\"og:site_name\" content=\"BOC\" \/>\n<meta property=\"article:modified_time\" content=\"2024-06-28T14:32:51+00:00\" \/>\n<meta name=\"twitter:card\" content=\"summary_large_image\" \/>\n<meta name=\"twitter:site\" content=\"@estudio_boc\" \/>\n<meta name=\"twitter:label1\" content=\"Tiempo de lectura\" \/>\n\t<meta name=\"twitter:data1\" content=\"2 minutos\" \/>\n<script type=\"application\/ld+json\" class=\"yoast-schema-graph\">{\"@context\":\"https:\\\/\\\/schema.org\",\"@graph\":[{\"@type\":\"WebPage\",\"@id\":\"https:\\\/\\\/estudioboc.com\\\/eboc\\\/contacto\\\/\",\"url\":\"https:\\\/\\\/estudioboc.com\\\/eboc\\\/contacto\\\/\",\"name\":\"BOC estudio creativo \\\/ dise\u00f1o gr\u00e1fico e ilustraci\u00f3n -\",\"isPartOf\":{\"@id\":\"https:\\\/\\\/estudioboc.com\\\/eboc\\\/#website\"},\"datePublished\":\"2018-04-12T19:56:49+00:00\",\"dateModified\":\"2024-06-28T14:32:51+00:00\",\"description\":\"Si quer\u00e9s hacernos alguna consulta o pedirnos asesoramiento pod\u00e9s contactornos en 3 de febrero 1594 PA | Rosario | Argentina\",\"inLanguage\":\"es\",\"potentialAction\":[{\"@type\":\"ReadAction\",\"target\":[\"https:\\\/\\\/estudioboc.com\\\/eboc\\\/contacto\\\/\"]}]},{\"@type\":\"WebSite\",\"@id\":\"https:\\\/\\\/estudioboc.com\\\/eboc\\\/#website\",\"url\":\"https:\\\/\\\/estudioboc.com\\\/eboc\\\/\",\"name\":\"BOC\",\"description\":\"estudio creativo\",\"publisher\":{\"@id\":\"https:\\\/\\\/estudioboc.com\\\/eboc\\\/#organization\"},\"potentialAction\":[{\"@type\":\"SearchAction\",\"target\":{\"@type\":\"EntryPoint\",\"urlTemplate\":\"https:\\\/\\\/estudioboc.com\\\/eboc\\\/?s={search_term_string}\"},\"query-input\":{\"@type\":\"PropertyValueSpecification\",\"valueRequired\":true,\"valueName\":\"search_term_string\"}}],\"inLanguage\":\"es\"},{\"@type\":\"Organization\",\"@id\":\"https:\\\/\\\/estudioboc.com\\\/eboc\\\/#organization\",\"name\":\"Estudio BOC\",\"url\":\"https:\\\/\\\/estudioboc.com\\\/eboc\\\/\",\"logo\":{\"@type\":\"ImageObject\",\"inLanguage\":\"es\",\"@id\":\"https:\\\/\\\/estudioboc.com\\\/eboc\\\/#\\\/schema\\\/logo\\\/image\\\/\",\"url\":\"https:\\\/\\\/estudioboc.com\\\/eboc\\\/wp-content\\\/uploads\\\/2018\\\/04\\\/favicon_2.png\",\"contentUrl\":\"https:\\\/\\\/estudioboc.com\\\/eboc\\\/wp-content\\\/uploads\\\/2018\\\/04\\\/favicon_2.png\",\"width\":434,\"height\":434,\"caption\":\"Estudio BOC\"},\"image\":{\"@id\":\"https:\\\/\\\/estudioboc.com\\\/eboc\\\/#\\\/schema\\\/logo\\\/image\\\/\"},\"sameAs\":[\"https:\\\/\\\/x.com\\\/estudio_boc\",\"https:\\\/\\\/www.instagram.com\\\/estudio_boc\\\/\",\"https:\\\/\\\/www.linkedin.com\\\/company\\\/estudioboc\"]}]}<\/script>\n<!-- \/ Yoast SEO plugin. -->","yoast_head_json":{"title":"BOC estudio creativo \/ dise\u00f1o gr\u00e1fico e ilustraci\u00f3n -","description":"Si quer\u00e9s hacernos alguna consulta o pedirnos asesoramiento pod\u00e9s contactornos en 3 de febrero 1594 PA | Rosario | Argentina","robots":{"index":"index","follow":"follow","max-snippet":"max-snippet:-1","max-image-preview":"max-image-preview:large","max-video-preview":"max-video-preview:-1"},"canonical":"https:\/\/estudioboc.com\/eboc\/contacto\/","og_locale":"es_ES","og_type":"article","og_title":"BOC estudio creativo \/ dise\u00f1o gr\u00e1fico e ilustraci\u00f3n -","og_description":"Si quer\u00e9s hacernos alguna consulta o pedirnos asesoramiento pod\u00e9s contactornos en 3 de febrero 1594 PA | Rosario | Argentina","og_url":"https:\/\/estudioboc.com\/eboc\/contacto\/","og_site_name":"BOC","article_modified_time":"2024-06-28T14:32:51+00:00","twitter_card":"summary_large_image","twitter_site":"@estudio_boc","twitter_misc":{"Tiempo de lectura":"2 minutos"},"schema":{"@context":"https:\/\/schema.org","@graph":[{"@type":"WebPage","@id":"https:\/\/estudioboc.com\/eboc\/contacto\/","url":"https:\/\/estudioboc.com\/eboc\/contacto\/","name":"BOC estudio creativo \/ dise\u00f1o gr\u00e1fico e ilustraci\u00f3n -","isPartOf":{"@id":"https:\/\/estudioboc.com\/eboc\/#website"},"datePublished":"2018-04-12T19:56:49+00:00","dateModified":"2024-06-28T14:32:51+00:00","description":"Si quer\u00e9s hacernos alguna consulta o pedirnos asesoramiento pod\u00e9s contactornos en 3 de febrero 1594 PA | Rosario | Argentina","inLanguage":"es","potentialAction":[{"@type":"ReadAction","target":["https:\/\/estudioboc.com\/eboc\/contacto\/"]}]},{"@type":"WebSite","@id":"https:\/\/estudioboc.com\/eboc\/#website","url":"https:\/\/estudioboc.com\/eboc\/","name":"BOC","description":"estudio creativo","publisher":{"@id":"https:\/\/estudioboc.com\/eboc\/#organization"},"potentialAction":[{"@type":"SearchAction","target":{"@type":"EntryPoint","urlTemplate":"https:\/\/estudioboc.com\/eboc\/?s={search_term_string}"},"query-input":{"@type":"PropertyValueSpecification","valueRequired":true,"valueName":"search_term_string"}}],"inLanguage":"es"},{"@type":"Organization","@id":"https:\/\/estudioboc.com\/eboc\/#organization","name":"Estudio BOC","url":"https:\/\/estudioboc.com\/eboc\/","logo":{"@type":"ImageObject","inLanguage":"es","@id":"https:\/\/estudioboc.com\/eboc\/#\/schema\/logo\/image\/","url":"https:\/\/estudioboc.com\/eboc\/wp-content\/uploads\/2018\/04\/favicon_2.png","contentUrl":"https:\/\/estudioboc.com\/eboc\/wp-content\/uploads\/2018\/04\/favicon_2.png","width":434,"height":434,"caption":"Estudio BOC"},"image":{"@id":"https:\/\/estudioboc.com\/eboc\/#\/schema\/logo\/image\/"},"sameAs":["https:\/\/x.com\/estudio_boc","https:\/\/www.instagram.com\/estudio_boc\/","https:\/\/www.linkedin.com\/company\/estudioboc"]}]}},"_links":{"self":[{"href":"https:\/\/estudioboc.com\/eboc\/wp-json\/wp\/v2\/pages\/522","targetHints":{"allow":["GET"]}}],"collection":[{"href":"https:\/\/estudioboc.com\/eboc\/wp-json\/wp\/v2\/pages"}],"about":[{"href":"https:\/\/estudioboc.com\/eboc\/wp-json\/wp\/v2\/types\/page"}],"author":[{"embeddable":true,"href":"https:\/\/estudioboc.com\/eboc\/wp-json\/wp\/v2\/users\/2"}],"replies":[{"embeddable":true,"href":"https:\/\/estudioboc.com\/eboc\/wp-json\/wp\/v2\/comments?post=522"}],"version-history":[{"count":21,"href":"https:\/\/estudioboc.com\/eboc\/wp-json\/wp\/v2\/pages\/522\/revisions"}],"predecessor-version":[{"id":1600,"href":"https:\/\/estudioboc.com\/eboc\/wp-json\/wp\/v2\/pages\/522\/revisions\/1600"}],"wp:attachment":[{"href":"https:\/\/estudioboc.com\/eboc\/wp-json\/wp\/v2\/media?parent=522"}],"curies":[{"name":"wp","href":"https:\/\/api.w.org\/{rel}","templated":true}]}}